{"id":12,"date":"2014-10-25T18:10:07","date_gmt":"2014-10-25T16:10:07","guid":{"rendered":"http:\/\/www.dagsiwi.de\/wordpress\/?page_id=12"},"modified":"2026-02-07T11:39:21","modified_gmt":"2026-02-07T10:39:21","slug":"mitgliedschaft","status":"publish","type":"page","link":"https:\/\/www.dagsiwi.de\/en\/uber-uns\/mitgliedschaft\/","title":{"rendered":"Mitgliedschaft"},"content":{"rendered":"<p><strong><em>\u00bb M\u00f6chten Sie die Pflege der menschlichen Beziehungen zwischen Deutschland und den Vereinigen Staaten von Amerika unterst\u00fctzen?\u00ab<\/em><\/strong><\/p>\n<p>Dann werden Sie doch Mitglied der Deutsch-Amerikanischen Gesellschaft Siegerland-Wittgenstein e. V.! Durch Zahlung eines Jahrsbeitrages ist es jederzeit m\u00f6glich, unserer gemeinn\u00fctzigen Gesellschaft beizutreten. Sie erhalten dann immer die Jahresprogramme und die Einladungen zu den Veranstaltungen unserer Gesellschaft zugesandt. Au\u00dferdem sind Sie eingeladen, in Gespr\u00e4chs- und Arbeitskreisen unserer Gesellschaft mitzuarbeiten.<\/p>\n<p>Um ehrenamtliche Zeit und Kosten zu sparen&nbsp;versenden wir die Einladungen zu den Veranstaltungen weitgehend als E-Mails. Diejenigen, die keine E-Mail-Adresse haben oder dies nicht w\u00fcnschen, erhalten diese per Briefpost.<\/p>\n<p>Nach Beschl\u00fcssen der Mitgliederversammlung betr\u00e4gt der j\u00e4hrliche Mitgliedsbeitrag &#8211; Euro:<\/p>\n\n<table id=\"tablepress-5\" class=\"tablepress tablepress-id-5\">\n<thead>\n<tr class=\"row-1\">\n\t<th class=\"column-1\">Tarif<\/th><th class=\"column-2\">Jahresbeitrag<\/th>\n<\/tr>\n<\/thead>\n<tbody class=\"row-striping row-hover\">\n<tr class=\"row-2\">\n\t<td class=\"column-1\">Erwachsene<\/td><td class=\"column-2\">40,00 EUR<\/td>\n<\/tr>\n<tr class=\"row-3\">\n\t<td class=\"column-1\">Familien<\/td><td class=\"column-2\">50,00 EUR<\/td>\n<\/tr>\n<tr class=\"row-4\">\n\t<td class=\"column-1\">Vereine \/ Schulen<\/td><td class=\"column-2\">45,00 EUR<\/td>\n<\/tr>\n<tr class=\"row-5\">\n\t<td class=\"column-1\">Unternehmen \/ St\u00e4dte<\/td><td class=\"column-2\">300,00 EUR<\/td>\n<\/tr>\n<tr class=\"row-6\">\n\t<td class=\"column-1\">Studenten<\/td><td class=\"column-2\">20,00 EUR<\/td>\n<\/tr>\n<tr class=\"row-7\">\n\t<td class=\"column-1\">Sch\u00fcler<\/td><td class=\"column-2\">beitragsfrei<\/td>\n<\/tr>\n<\/tbody>\n<\/table>\n<!-- #tablepress-5 from cache -->\n<p><strong>Wie werde ich Mitglied?<\/strong><\/p>\n<p>Ganz einfach. Sie k\u00f6nnen die Beitrittserkl\u00e4rung als Downloaddatei herunterladen, ausf\u00fcllen und an unsere im Vordruck angegebene Adresse senden.<\/p>\n<p><a href=\"http:\/\/www.dagsiwi.de\/wordpress\/wp-content\/uploads\/2021\/04\/Beitrittserklaerung-2021.pdf\">Beitrittserkl\u00e4rung 2021<\/a> (PDF)<\/p>\n<p>Aus Gr\u00fcnden der Kosten- und Zeitersparnis f\u00fcr die ehrenamtliche Vorstandsarbeit bitten wir Sie, uns f\u00fcr den Jahresbeitrag ein SEPA-Lastschrift-Mandat zu erteilen. Dieses ist auf der Beitrittserkl\u00e4rung vorhanden.<\/p>\n<p><strong>Zahlung<\/strong><\/p>\n<p>Die Mitgliedsbeitr\u00e4ge werden f\u00fcr das jeweilige Kalenderjahr immer <strong>im Januar \/ Februar<\/strong> von Ihrem Konto per SEPA-Lastschrift eingezogen. Die SEPA-Mandatsreferenz ist Ihre Mitgliedsnummer, die Sie bei Eintritt in den Verein mitgeteilt bekommen.<\/p>\n<p><strong>Satzung<\/strong><\/p>\n<p>Die aktuelle Satzung k\u00f6nnen Sie hier einsehen.<\/p>\n<p><a href=\"http:\/\/www.dagsiwi.de\/wordpress\/wp-content\/uploads\/2021\/03\/Satzung_Maerz_2019.pdf\">Satzung_M\u00e4rz_2019<\/a><\/p>\n<p><strong>K\u00fcndigung<\/strong><\/p>\n<p>Die K\u00fcndigung der Mitgliedschaft muss bis zum 30.09. eines Jahres beim Verein eingegangen sein und ist dann zum 31.12. wirksam. Die K\u00fcndigung muss postalisch an die Vereinsadresse erfolgen (wenn vorhanden, legen Sie bitte Ihren Mitgliedsausweis bei). Alternativ k\u00f6nnen Sie auch per E-Mail an secretary@dagsiwi.de k\u00fcndigen.<\/p>\n<p>Bitte beachten Sie, dass die Zahlung im Oktober\/November dann f\u00fcr das aktuelle Jahr noch geleistet werden muss.<\/p>\n<p><strong>Erm\u00e4\u00dfigte und beitragsfreie Tarife<\/strong><\/p>\n<p>Sch\u00fcler und Studenten m\u00fcssen beim Beitritt eine Schul- \/ Studiumsbescheinigung vorlegen, um den erm\u00e4\u00dfigten bzw. beitragsfreien Tarif zu erhalten.<\/p>\n<p>Eine aktuelle Bescheinigung muss jedes Jahr erneut bis zum 01. Oktober vorgelegt werden, um den Beitragsstatus beizubehalten. Daf\u00fcr reicht eine einfache E-Mail an <a href=\"mailto:treasury@dagsiwi.de\">treasury@dagsiwi.de<\/a> mit der Bescheinigung als Anhang.<\/p>\n<p><strong>Familientarife<\/strong><strong>&nbsp;<\/strong><\/p>\n<p>Wird die Familienmitgliedschaft gew\u00e4hlt, sind folgende Informationen der aufzunehmenden Familienmitglieder notwendig:<\/p>\n<ul>\n<li>Name<\/li>\n<li>Vorname<\/li>\n<li>Geburtsdatum<\/li>\n<li>Familienbeziehung (Ehefrau, Tochter, Sohn)<\/li>\n<li>optional: E-Mailadresse der Familienmitglieds f\u00fcr Vereinsmails<\/li>\n<\/ul>\n<p>Legen Sie der Beitrittserkl\u00e4rung daf\u00fcr bitte ein separates Blatt mit diesen Angaben bei.<\/p>\n<p><strong>\u00c4nderung der Bankverbindung<\/strong><strong>&nbsp;<\/strong><\/p>\n<p>Sollte sich Ihre Bankverbindung \u00e4ndern, bitten wir um rechtzeitige Mitteilung. Wir stellen Ihnen dann ein neues SEPA-Mandat zur Verf\u00fcgung, welches Sie unterschrieben an uns zur\u00fcckschicken (gerne auch papierlos als eingescanntes Dokument).<\/p>\n<p>Das aktuelle SEPA Mandat k\u00f6nnen Sie <a href=\"https:\/\/www.dagsiwi.de\/wordpress\/wp-content\/uploads\/2026\/02\/SEPA-Mandat-2021.pdf\">hier<\/a> herunterladen.<\/p>\n<p><strong>Noch Fragen? <\/strong><br \/>\nWeitere Ausk\u00fcnfte gibt Ihnen gerne unsere Gesch\u00e4ftsstelle, erreichbar unter&nbsp;<a href=\"mailto:secretary@dagsiwi.de\" target=\"_blank\" rel=\"noopener noreferrer\">secretary@dagsiwi.de<\/a>.<\/p>\n","protected":false},"excerpt":{"rendered":"<p>\u00bb M\u00f6chten Sie die Pflege der menschlichen Beziehungen zwischen Deutschland und den Vereinigen Staaten von Amerika unterst\u00fctzen?\u00ab Dann werden Sie doch Mitglied der Deutsch-Amerikanischen Gesellschaft Siegerland-Wittgenstein e. V.! Durch Zahlung eines Jahrsbeitrages ist es jederzeit m\u00f6glich, unserer gemeinn\u00fctzigen Gesellschaft beizutreten. Sie erhalten dann immer die Jahresprogramme und die Einladungen zu den Veranstaltungen unserer Gesellschaft zugesandt. [&hellip;]<\/p>\n","protected":false},"author":1,"featured_media":0,"parent":7,"menu_order":5,"comment_status":"closed","ping_status":"closed","template":"","meta":{"ngg_post_thumbnail":0,"footnotes":""},"class_list":["post-12","page","type-page","status-publish","hentry"],"translation":{"provider":"WPGlobus","version":"3.0.2","language":"en","enabled_languages":["de","en"],"languages":{"de":{"title":true,"content":true,"excerpt":false},"en":{"title":false,"content":false,"excerpt":false}}},"aioseo_notices":[],"_links":{"self":[{"href":"https:\/\/www.dagsiwi.de\/en\/wp-json\/wp\/v2\/pages\/12","targetHints":{"allow":["GET"]}}],"collection":[{"href":"https:\/\/www.dagsiwi.de\/en\/wp-json\/wp\/v2\/pages"}],"about":[{"href":"https:\/\/www.dagsiwi.de\/en\/wp-json\/wp\/v2\/types\/page"}],"author":[{"embeddable":true,"href":"https:\/\/www.dagsiwi.de\/en\/wp-json\/wp\/v2\/users\/1"}],"replies":[{"embeddable":true,"href":"https:\/\/www.dagsiwi.de\/en\/wp-json\/wp\/v2\/comments?post=12"}],"version-history":[{"count":32,"href":"https:\/\/www.dagsiwi.de\/en\/wp-json\/wp\/v2\/pages\/12\/revisions"}],"predecessor-version":[{"id":4906,"href":"https:\/\/www.dagsiwi.de\/en\/wp-json\/wp\/v2\/pages\/12\/revisions\/4906"}],"up":[{"embeddable":true,"href":"https:\/\/www.dagsiwi.de\/en\/wp-json\/wp\/v2\/pages\/7"}],"wp:attachment":[{"href":"https:\/\/www.dagsiwi.de\/en\/wp-json\/wp\/v2\/media?parent=12"}],"curies":[{"name":"wp","href":"https:\/\/api.w.org\/{rel}","templated":true}]}}