{"id":17,"date":"2010-10-29T20:12:53","date_gmt":"2010-10-29T20:12:53","guid":{"rendered":"http:\/\/www.dagsiwi.de\/wordpress\/?page_id=17"},"modified":"2010-10-29T20:12:53","modified_gmt":"2010-10-29T20:12:53","slug":"partnerschaften","status":"publish","type":"page","link":"https:\/\/www.dagsiwi.de\/en\/partnerschaften\/","title":{"rendered":"Partnerschaften"},"content":{"rendered":"<p>Zu den Aufgaben der DAG Si-Wi geh\u00f6rt es, St\u00e4dte-, Schul- und  Vereinspartnerschaften mit entsprechenden Einrichtungen in den USA zu  unterst\u00fctzen.<\/p>\n<p>St\u00e4dtepartnerschaften werden in der Regel \u00fcber sog. Nonprofit-Organisationen in  den USA gelebt. \u00dcber 690 U.S. Communities sind in der  <a href=\"http:\/\/www.sister-cities.org\/\" target=\"_blank\">SCI \u2013 Sister Cities<\/a> International  organisiert. Es bestehen insgesamt \u00fcber 1.455 Partnerschaften mit U.S.  Communities, davon haben Partnerschaften mit europ\u00e4ischen Kommunen mit  ca. 36 %  den h\u00f6chsten Anteil, gefolgt von Asien\/Ozeanien mit 30 %. Mit deutschen  Kommunen  gibt es 111 Partnerschaften. Die DAG Si-Wi steht mit der SCI in Kontakt.<\/p>\n<p>Gegenw\u00e4rtig bestehen noch keine offiziellen Partnerschaften.<\/p>\n<div id=\"_mcePaste\" style=\"position: absolute; left: -10000px; top: 0px; width: 1px; height: 1px; overflow: hidden;\">\n<p class=\"MsoNormal\">Zu den Aufgaben der DAG Si-Wi geh\u00f6rt es, St\u00e4dte-, Schul- und  Vereinspartnerschaften mit entsprechenden Einrichtungen in den USA zu  unterst\u00fctzen.<\/p>\n<p class=\"MsoNormal\">St\u00e4dtepartnerschaften werden in der Regel \u00fcber sog. Nonprofit-Organisationen in  den USA gelebt. \u00dcber 690 U.S. Communities sind in der  <a href=\"http:\/\/www.sister-cities.org\/\" target=\"_blank\">SCI \u2013 Sister Cities<\/a> International  organisiert. Es bestehen insgesamt \u00fcber 1.455 Partnerschaften mit U.S.  Communities, davon haben Partnerschaften mit europ\u00e4ischen Kommunen mit  ca. 36 %  den h\u00f6chsten Anteil, gefolgt von Asien\/Ozeanien mit 30 %. Mit deutschen  Kommunen  gibt es 111 Partnerschaften. Die DAG Si-Wi steht mit der SCI in Kontakt.<\/p>\n<p>Gegenw\u00e4rtig bestehen noch keine offiziellen Partnerschaften.<\/p>\n<\/div>\n","protected":false},"excerpt":{"rendered":"<p>Zu den Aufgaben der DAG Si-Wi geh\u00f6rt es, St\u00e4dte-, Schul- und Vereinspartnerschaften mit entsprechenden Einrichtungen in den USA zu unterst\u00fctzen. St\u00e4dtepartnerschaften werden in der Regel \u00fcber sog. Nonprofit-Organisationen in den USA gelebt. \u00dcber 690 U.S. Communities sind in der SCI \u2013 Sister Cities International organisiert. Es bestehen insgesamt \u00fcber 1.455 Partnerschaften mit U.S. Communities, davon [&hellip;]<\/p>\n","protected":false},"author":1,"featured_media":0,"parent":0,"menu_order":7,"comment_status":"closed","ping_status":"closed","template":"","meta":{"ngg_post_thumbnail":0,"footnotes":""},"class_list":["post-17","page","type-page","status-publish","hentry"],"translation":{"provider":"WPGlobus","version":"3.0.2","language":"en","enabled_languages":["de","en"],"languages":{"de":{"title":true,"content":true,"excerpt":false},"en":{"title":false,"content":false,"excerpt":false}}},"aioseo_notices":[],"_links":{"self":[{"href":"https:\/\/www.dagsiwi.de\/en\/wp-json\/wp\/v2\/pages\/17","targetHints":{"allow":["GET"]}}],"collection":[{"href":"https:\/\/www.dagsiwi.de\/en\/wp-json\/wp\/v2\/pages"}],"about":[{"href":"https:\/\/www.dagsiwi.de\/en\/wp-json\/wp\/v2\/types\/page"}],"author":[{"embeddable":true,"href":"https:\/\/www.dagsiwi.de\/en\/wp-json\/wp\/v2\/users\/1"}],"replies":[{"embeddable":true,"href":"https:\/\/www.dagsiwi.de\/en\/wp-json\/wp\/v2\/comments?post=17"}],"version-history":[{"count":1,"href":"https:\/\/www.dagsiwi.de\/en\/wp-json\/wp\/v2\/pages\/17\/revisions"}],"predecessor-version":[{"id":18,"href":"https:\/\/www.dagsiwi.de\/en\/wp-json\/wp\/v2\/pages\/17\/revisions\/18"}],"wp:attachment":[{"href":"https:\/\/www.dagsiwi.de\/en\/wp-json\/wp\/v2\/media?parent=17"}],"curies":[{"name":"wp","href":"https:\/\/api.w.org\/{rel}","templated":true}]}}