{"id":2361,"date":"2015-09-06T16:19:44","date_gmt":"2015-09-06T14:19:44","guid":{"rendered":"http:\/\/www.dagsiwi.de\/?page_id=2361"},"modified":"2025-11-19T18:24:20","modified_gmt":"2025-11-19T17:24:20","slug":"impressum","status":"publish","type":"page","link":"https:\/\/www.dagsiwi.de\/en\/impressum\/","title":{"rendered":"Impressum"},"content":{"rendered":"\n<p><\/p>\n\n\n\n<p><strong>Verantwortlich f\u00fcr den Inhalt dieser Website<\/strong><\/p>\n\n\n\n<p>Deutsch-Amerikanische Gesellschaft Siegerland-Wittgenstein e.V.<br>Postfach 12 01 44<br>57022 Siegen<br>Telefon: +49 (0)271 \/ 2386826<br>E-Mail: info-dag(at)dagsiwi.de<\/p>\n\n\n\n<p>Vertretungsbefugt:<\/p>\n\n\n\n<p>Vorsitzender: Volker Sch\u00fcttenhelm<br>c\/o Heidenbachswald 30<br>57234 Wilnsdorf<br>E-Mail: president(at)dagsiwi.de<\/p>\n\n\n\n<p>Das Impressum gilt f\u00fcr: http:\/\/www.dagsiwi.de<\/p>\n\n\n\n<p>Registergericht: Amtsgericht Siegen<br>Registernummer: VR 2692<\/p>\n\n\n\n<p>Wirtschaftsidentifikationsnummer gem. \u00a7 139 c Abgabenordnung: DE 447701010<\/p>\n\n\n\n<p><strong>Haftungsausschluss und Copyright<\/strong><\/p>\n\n\n\n<p>Die Internetseiten von uns bieten Ihnen eine Vielzahl von Informationen. Sie k\u00f6nnen unsere Informationen speichern und Verkn\u00fcpfungen zu unseren Seiten einrichten. Bei Verlinkung von kommerziellen Anbietern m\u00fcssen die Seiten von uns alleiniger Bestandteil des Navigator-Fensters sein. Die Informationen d\u00fcrfen nicht ver\u00e4ndert oder verf\u00e4lscht werden.<\/p>\n\n\n\n<p><strong>Inhalt der eigenen Seiten<\/strong><\/p>\n\n\n\n<p>Die Haftung f\u00fcr die Aktualit\u00e4t, Vollst\u00e4ndigkeit oder Qualit\u00e4t ist ausgeschlossen.<\/p>\n\n\n\n<p><strong>Links auf Web-Sites Dritter<\/strong><\/p>\n\n\n\n<p>Die ver\u00f6ffentlichten Links wurden mit gr\u00f6\u00dftm\u00f6glicher Sorgfalt recherchiert und zusammengestellt. Wir haben keinen Einfluss auf die aktuelle und zuk\u00fcnftige Gestaltung und Inhalte der verlinkten Seiten. Wir sind nicht f\u00fcr den Inhalt der verkn\u00fcpften Seiten verantwortlich und machen uns den Inhalt nicht zu eigen. F\u00fcr illegale, fehlerhafte oder unvollst\u00e4ndige Inhalte sowie f\u00fcr Sch\u00e4den, die durch die Nutzung oder Nichtnutzung der Informationen entstehen, haftet allein der Anbieter der Web-Site, auf die verwiesen wurde. Die Haftung desjenigen, der lediglich auf die Ver\u00f6ffentlichung durch einen Link hinweist, ist ausgeschlossen.<\/p>\n\n\n\n<p><strong>Fragen und Anregungen<\/strong><\/p>\n\n\n\n<p>Haben Sie Fragen und Anregungen zu dieser Website, schicken Sie diese bitte per&nbsp;E-Mail an den <a href=\"mailto:webmaster@dagsiwi.de\">Webmaster<\/a>.<\/p>\n\n\n\n<p><strong>Datenschutzerkl\u00e4rung<\/strong><\/p>\n\n\n\n<p>Die Datenschutzerkl\u00e4rung, angepasst auf die Neuregelungen der DSGVO 2018, finden Sie <a href=\"http:\/\/www.dagsiwi.de\/?page_id=3841\">hier<\/a>.<\/p>\n\n\n\n<p><strong>Dank<br><\/strong>Wir danken Stefan Funk, Gesch\u00e4ftsf\u00fchrer der Firma <a href=\"http:\/\/www.tops.net\/\" target=\"_blank\" rel=\"noopener\">tops.net<\/a> in Bonn f\u00fcr das kostenlose Webhosting dieser Website:<br><strong>tops.net GmbH &amp; Co. KG<\/strong><br>Holtorfer Stra\u00dfe 35<br>53229 Bonn<br>Tel.: 0228 9771 0<br>Fax: 0228 9771 199<br>e-Mail: <a href=\"mailto:info@tops.net\">info@tops.net<\/a><\/p>\n","protected":false},"excerpt":{"rendered":"<p>Verantwortlich f\u00fcr den Inhalt dieser Website Deutsch-Amerikanische Gesellschaft Siegerland-Wittgenstein e.V.Postfach 12 01 4457022 SiegenTelefon: +49 (0)271 \/ 2386826E-Mail: info-dag(at)dagsiwi.de Vertretungsbefugt: Vorsitzender: Volker Sch\u00fcttenhelmc\/o Heidenbachswald 3057234 WilnsdorfE-Mail: president(at)dagsiwi.de Das Impressum gilt f\u00fcr: http:\/\/www.dagsiwi.de Registergericht: Amtsgericht SiegenRegisternummer: VR 2692 Wirtschaftsidentifikationsnummer gem. \u00a7 139 c Abgabenordnung: DE 447701010 Haftungsausschluss und Copyright Die Internetseiten von uns bieten Ihnen eine [&hellip;]<\/p>\n","protected":false},"author":4,"featured_media":0,"parent":0,"menu_order":10,"comment_status":"closed","ping_status":"closed","template":"","meta":{"ngg_post_thumbnail":0,"footnotes":""},"class_list":["post-2361","page","type-page","status-publish","hentry"],"translation":{"provider":"WPGlobus","version":"3.0.2","language":"en","enabled_languages":["de","en"],"languages":{"de":{"title":true,"content":true,"excerpt":false},"en":{"title":false,"content":false,"excerpt":false}}},"aioseo_notices":[],"_links":{"self":[{"href":"https:\/\/www.dagsiwi.de\/en\/wp-json\/wp\/v2\/pages\/2361","targetHints":{"allow":["GET"]}}],"collection":[{"href":"https:\/\/www.dagsiwi.de\/en\/wp-json\/wp\/v2\/pages"}],"about":[{"href":"https:\/\/www.dagsiwi.de\/en\/wp-json\/wp\/v2\/types\/page"}],"author":[{"embeddable":true,"href":"https:\/\/www.dagsiwi.de\/en\/wp-json\/wp\/v2\/users\/4"}],"replies":[{"embeddable":true,"href":"https:\/\/www.dagsiwi.de\/en\/wp-json\/wp\/v2\/comments?post=2361"}],"version-history":[{"count":6,"href":"https:\/\/www.dagsiwi.de\/en\/wp-json\/wp\/v2\/pages\/2361\/revisions"}],"predecessor-version":[{"id":4891,"href":"https:\/\/www.dagsiwi.de\/en\/wp-json\/wp\/v2\/pages\/2361\/revisions\/4891"}],"wp:attachment":[{"href":"https:\/\/www.dagsiwi.de\/en\/wp-json\/wp\/v2\/media?parent=2361"}],"curies":[{"name":"wp","href":"https:\/\/api.w.org\/{rel}","templated":true}]}}