{"id":2873,"date":"2016-05-14T12:44:37","date_gmt":"2016-05-14T10:44:37","guid":{"rendered":"http:\/\/www.dagsiwi.de\/?page_id=2873"},"modified":"2017-06-18T22:57:15","modified_gmt":"2017-06-18T20:57:15","slug":"2016-2","status":"publish","type":"page","link":"https:\/\/www.dagsiwi.de\/en\/year-in-a-review\/2016-2\/","title":{"rendered":"2016"},"content":{"rendered":"<p><strong>April<\/strong><\/p>\n<blockquote class=\"wp-embedded-content\" data-secret=\"oKh4tFBmt3\"><p><a href=\"https:\/\/www.dagsiwi.de\/en\/2016\/04\/pressemeldung-deutsch-amerikanische-gesellschaft-personell-neu-aufgestellt\/\">Pressemeldung: Bericht von der Mitgliederversammlung 2016<\/a><\/p><\/blockquote>\n<p><iframe loading=\"lazy\" class=\"wp-embedded-content\" sandbox=\"allow-scripts\" security=\"restricted\" style=\"position: absolute; clip: rect(1px, 1px, 1px, 1px);\" title=\"&#8220;Pressemeldung: Bericht von der Mitgliederversammlung 2016&#8221; &#8212; German-American Association Siegerland-Wittgenstein e.V.\" src=\"https:\/\/www.dagsiwi.de\/en\/2016\/04\/pressemeldung-deutsch-amerikanische-gesellschaft-personell-neu-aufgestellt\/embed\/#?secret=rJvs4T1pQi#?secret=oKh4tFBmt3\" data-secret=\"oKh4tFBmt3\" width=\"600\" height=\"338\" frameborder=\"0\" marginwidth=\"0\" marginheight=\"0\" scrolling=\"no\"><\/iframe><\/p>\n<p><strong>Mai<\/strong><\/p>\n<blockquote class=\"wp-embedded-content\" data-secret=\"PVxSP9HmNE\"><p><a href=\"https:\/\/www.dagsiwi.de\/en\/2016\/05\/u-s-generalkonsul-zum-antrittsbesuch-in-siegen\/\">U.S. Generalkonsul zum Antrittsbesuch in Siegen<\/a><\/p><\/blockquote>\n<p><iframe loading=\"lazy\" class=\"wp-embedded-content\" sandbox=\"allow-scripts\" security=\"restricted\" style=\"position: absolute; clip: rect(1px, 1px, 1px, 1px);\" title=\"&#8220;U.S. Generalkonsul zum Antrittsbesuch in Siegen&#8221; &#8212; German-American Association Siegerland-Wittgenstein e.V.\" src=\"https:\/\/www.dagsiwi.de\/en\/2016\/05\/u-s-generalkonsul-zum-antrittsbesuch-in-siegen\/embed\/#?secret=er81KZ79tS#?secret=PVxSP9HmNE\" data-secret=\"PVxSP9HmNE\" width=\"600\" height=\"338\" frameborder=\"0\" marginwidth=\"0\" marginheight=\"0\" scrolling=\"no\"><\/iframe><\/p>\n<blockquote class=\"wp-embedded-content\" data-secret=\"TpxcBNwG5o\"><p><a href=\"https:\/\/www.dagsiwi.de\/en\/2016\/05\/ab-sofort-erhaeltlich-die-dag-siwi-smartphone-app-fuer-android-und-ios\/\">Ab sofort erh\u00e4ltlich: Die DAG SiWi Smartphone-App f\u00fcr Android und IOS<\/a><\/p><\/blockquote>\n<p><iframe loading=\"lazy\" class=\"wp-embedded-content\" sandbox=\"allow-scripts\" security=\"restricted\" style=\"position: absolute; clip: rect(1px, 1px, 1px, 1px);\" title=\"&#8220;Ab sofort erh\u00e4ltlich: Die DAG SiWi Smartphone-App f\u00fcr Android und IOS&#8221; &#8212; German-American Association Siegerland-Wittgenstein e.V.\" src=\"https:\/\/www.dagsiwi.de\/en\/2016\/05\/ab-sofort-erhaeltlich-die-dag-siwi-smartphone-app-fuer-android-und-ios\/embed\/#?secret=OReOdHByoU#?secret=TpxcBNwG5o\" data-secret=\"TpxcBNwG5o\" width=\"600\" height=\"338\" frameborder=\"0\" marginwidth=\"0\" marginheight=\"0\" scrolling=\"no\"><\/iframe><\/p>\n<p><strong>Juni<\/strong><\/p>\n<blockquote class=\"wp-embedded-content\" data-secret=\"GtVEaZOCOA\"><p><a href=\"https:\/\/www.dagsiwi.de\/en\/2016\/06\/amerikaner-auf-den-spuren-ihrer-vorfahren-im-siegerland\/\">Amerikaner auf den Spuren ihrer Vorfahren im Siegerland<\/a><\/p><\/blockquote>\n<p><iframe loading=\"lazy\" class=\"wp-embedded-content\" sandbox=\"allow-scripts\" security=\"restricted\" style=\"position: absolute; clip: rect(1px, 1px, 1px, 1px);\" title=\"&#8220;Amerikaner auf den Spuren ihrer Vorfahren im Siegerland&#8221; &#8212; German-American Association Siegerland-Wittgenstein e.V.\" src=\"https:\/\/www.dagsiwi.de\/en\/2016\/06\/amerikaner-auf-den-spuren-ihrer-vorfahren-im-siegerland\/embed\/#?secret=YGxadqDukc#?secret=GtVEaZOCOA\" data-secret=\"GtVEaZOCOA\" width=\"600\" height=\"338\" frameborder=\"0\" marginwidth=\"0\" marginheight=\"0\" scrolling=\"no\"><\/iframe><\/p>\n<blockquote class=\"wp-embedded-content\" data-secret=\"EvDZnH5VtQ\"><p><a href=\"https:\/\/www.dagsiwi.de\/en\/2016\/06\/10-praemierung-von-schuelerfacharbeiten-mit-transatlantischem-bezug-im-kreis-siegen-wittgenstein\/\">10. Pr\u00e4mierung von Sch\u00fclerfacharbeiten mit transatlantischem Bezug im Kreis Siegen-Wittgenstein<\/a><\/p><\/blockquote>\n<p><iframe loading=\"lazy\" class=\"wp-embedded-content\" sandbox=\"allow-scripts\" security=\"restricted\" style=\"position: absolute; clip: rect(1px, 1px, 1px, 1px);\" title=\"&#8220;10. Pr\u00e4mierung von Sch\u00fclerfacharbeiten mit transatlantischem Bezug im Kreis Siegen-Wittgenstein&#8221; &#8212; German-American Association Siegerland-Wittgenstein e.V.\" src=\"https:\/\/www.dagsiwi.de\/en\/2016\/06\/10-praemierung-von-schuelerfacharbeiten-mit-transatlantischem-bezug-im-kreis-siegen-wittgenstein\/embed\/#?secret=2NHk1NfKpL#?secret=EvDZnH5VtQ\" data-secret=\"EvDZnH5VtQ\" width=\"600\" height=\"338\" frameborder=\"0\" marginwidth=\"0\" marginheight=\"0\" scrolling=\"no\"><\/iframe><\/p>\n<p>&nbsp;<\/p>\n<p><strong>September<\/strong><\/p>\n<blockquote class=\"wp-embedded-content\" data-secret=\"2yepCxv1QB\"><p><a href=\"https:\/\/www.dagsiwi.de\/en\/2016\/09\/dag-siwi-bei-gespraechen-mit-generalkonsul-keller\/\">DAG SiWi bei Gespr\u00e4chen mit US-Generalkonsul Keller<\/a><\/p><\/blockquote>\n<p><iframe loading=\"lazy\" class=\"wp-embedded-content\" sandbox=\"allow-scripts\" security=\"restricted\" style=\"position: absolute; clip: rect(1px, 1px, 1px, 1px);\" title=\"&#8220;DAG SiWi bei Gespr\u00e4chen mit US-Generalkonsul Keller&#8221; &#8212; German-American Association Siegerland-Wittgenstein e.V.\" src=\"https:\/\/www.dagsiwi.de\/en\/2016\/09\/dag-siwi-bei-gespraechen-mit-generalkonsul-keller\/embed\/#?secret=oyMZCLixTU#?secret=2yepCxv1QB\" data-secret=\"2yepCxv1QB\" width=\"600\" height=\"338\" frameborder=\"0\" marginwidth=\"0\" marginheight=\"0\" scrolling=\"no\"><\/iframe><\/p>\n<p><strong>Oktober<\/strong><\/p>\n<blockquote class=\"wp-embedded-content\" data-secret=\"Y3XEhEURx4\"><p><a href=\"https:\/\/www.dagsiwi.de\/en\/2016\/10\/friedrich-merz-erhaelt-lucius-clay-medaille\/\">Friedrich Merz erh\u00e4lt Lucius Clay-Medaille<\/a><\/p><\/blockquote>\n<p><iframe loading=\"lazy\" class=\"wp-embedded-content\" sandbox=\"allow-scripts\" security=\"restricted\" style=\"position: absolute; clip: rect(1px, 1px, 1px, 1px);\" title=\"&#8220;Friedrich Merz erh\u00e4lt Lucius Clay-Medaille&#8221; &#8212; German-American Association Siegerland-Wittgenstein e.V.\" src=\"https:\/\/www.dagsiwi.de\/en\/2016\/10\/friedrich-merz-erhaelt-lucius-clay-medaille\/embed\/#?secret=Gl5pfMy0Ou#?secret=Y3XEhEURx4\" data-secret=\"Y3XEhEURx4\" width=\"600\" height=\"338\" frameborder=\"0\" marginwidth=\"0\" marginheight=\"0\" scrolling=\"no\"><\/iframe><\/p>\n<p><strong>November<\/strong><\/p>\n<blockquote class=\"wp-embedded-content\" data-secret=\"dLGgnPzoOA\"><p><a href=\"https:\/\/www.dagsiwi.de\/en\/2016\/11\/bericht-vom-thanksgiving-dinner-2016\/\">Bericht vom Thanksgiving Dinner 2016<\/a><\/p><\/blockquote>\n<p><iframe loading=\"lazy\" class=\"wp-embedded-content\" sandbox=\"allow-scripts\" security=\"restricted\" style=\"position: absolute; clip: rect(1px, 1px, 1px, 1px);\" title=\"&#8220;Bericht vom Thanksgiving Dinner 2016&#8221; &#8212; German-American Association Siegerland-Wittgenstein e.V.\" src=\"https:\/\/www.dagsiwi.de\/en\/2016\/11\/bericht-vom-thanksgiving-dinner-2016\/embed\/#?secret=qbV00kZGz7#?secret=dLGgnPzoOA\" data-secret=\"dLGgnPzoOA\" width=\"600\" height=\"338\" frameborder=\"0\" marginwidth=\"0\" marginheight=\"0\" scrolling=\"no\"><\/iframe><\/p>\n<blockquote class=\"wp-embedded-content\" data-secret=\"6TlrIFXILE\"><p><a href=\"https:\/\/www.dagsiwi.de\/en\/2016\/11\/us-gesandte-kent-logsdon-am-dietrich-bonhoeffer-gymnasium-in-neunkirchen\/\">US-Gesandte Kent Logsdon am Dietrich-Bonhoeffer Gymnasium in Neunkirchen<\/a><\/p><\/blockquote>\n<p><iframe loading=\"lazy\" class=\"wp-embedded-content\" sandbox=\"allow-scripts\" security=\"restricted\" style=\"position: absolute; clip: rect(1px, 1px, 1px, 1px);\" title=\"&#8220;US-Gesandte Kent Logsdon am Dietrich-Bonhoeffer Gymnasium in Neunkirchen&#8221; &#8212; German-American Association Siegerland-Wittgenstein e.V.\" src=\"https:\/\/www.dagsiwi.de\/en\/2016\/11\/us-gesandte-kent-logsdon-am-dietrich-bonhoeffer-gymnasium-in-neunkirchen\/embed\/#?secret=H5i2w4qAWZ#?secret=6TlrIFXILE\" data-secret=\"6TlrIFXILE\" width=\"600\" height=\"338\" frameborder=\"0\" marginwidth=\"0\" marginheight=\"0\" scrolling=\"no\"><\/iframe><\/p>\n<p><strong>Dezember<\/strong><\/p>\n<blockquote class=\"wp-embedded-content\" data-secret=\"pmotYBOMSL\"><p><a href=\"https:\/\/www.dagsiwi.de\/en\/2016\/12\/bericht-zur-veranstaltung-mit-gastredner-jacob-schrot\/\">Bericht zur Veranstaltung mit Gastredner Jacob Schrot<\/a><\/p><\/blockquote>\n<p><iframe loading=\"lazy\" class=\"wp-embedded-content\" sandbox=\"allow-scripts\" security=\"restricted\" style=\"position: absolute; clip: rect(1px, 1px, 1px, 1px);\" title=\"&#8220;Bericht zur Veranstaltung mit Gastredner Jacob Schrot&#8221; &#8212; German-American Association Siegerland-Wittgenstein e.V.\" src=\"https:\/\/www.dagsiwi.de\/en\/2016\/12\/bericht-zur-veranstaltung-mit-gastredner-jacob-schrot\/embed\/#?secret=do2EF4QeKB#?secret=pmotYBOMSL\" data-secret=\"pmotYBOMSL\" width=\"600\" height=\"338\" frameborder=\"0\" marginwidth=\"0\" marginheight=\"0\" scrolling=\"no\"><\/iframe><\/p>\n","protected":false},"excerpt":{"rendered":"<p>April Pressemeldung: Bericht von der Mitgliederversammlung 2016 Mai U.S. Generalkonsul zum Antrittsbesuch in Siegen Ab sofort erh\u00e4ltlich: Die DAG SiWi Smartphone-App f\u00fcr Android und IOS Juni Amerikaner auf den Spuren ihrer Vorfahren im Siegerland 10. Pr\u00e4mierung von Sch\u00fclerfacharbeiten mit transatlantischem Bezug im Kreis Siegen-Wittgenstein &nbsp; September DAG SiWi bei Gespr\u00e4chen mit US-Generalkonsul Keller Oktober Friedrich [&hellip;]<\/p>\n","protected":false},"author":4,"featured_media":0,"parent":2868,"menu_order":0,"comment_status":"closed","ping_status":"closed","template":"","meta":{"ngg_post_thumbnail":0,"footnotes":""},"class_list":["post-2873","page","type-page","status-publish","hentry"],"translation":{"provider":"WPGlobus","version":"3.0.2","language":"en","enabled_languages":["de","en"],"languages":{"de":{"title":true,"content":true,"excerpt":false},"en":{"title":false,"content":false,"excerpt":false}}},"aioseo_notices":[],"_links":{"self":[{"href":"https:\/\/www.dagsiwi.de\/en\/wp-json\/wp\/v2\/pages\/2873","targetHints":{"allow":["GET"]}}],"collection":[{"href":"https:\/\/www.dagsiwi.de\/en\/wp-json\/wp\/v2\/pages"}],"about":[{"href":"https:\/\/www.dagsiwi.de\/en\/wp-json\/wp\/v2\/types\/page"}],"author":[{"embeddable":true,"href":"https:\/\/www.dagsiwi.de\/en\/wp-json\/wp\/v2\/users\/4"}],"replies":[{"embeddable":true,"href":"https:\/\/www.dagsiwi.de\/en\/wp-json\/wp\/v2\/comments?post=2873"}],"version-history":[{"count":9,"href":"https:\/\/www.dagsiwi.de\/en\/wp-json\/wp\/v2\/pages\/2873\/revisions"}],"predecessor-version":[{"id":3420,"href":"https:\/\/www.dagsiwi.de\/en\/wp-json\/wp\/v2\/pages\/2873\/revisions\/3420"}],"up":[{"embeddable":true,"href":"https:\/\/www.dagsiwi.de\/en\/wp-json\/wp\/v2\/pages\/2868"}],"wp:attachment":[{"href":"https:\/\/www.dagsiwi.de\/en\/wp-json\/wp\/v2\/media?parent=2873"}],"curies":[{"name":"wp","href":"https:\/\/api.w.org\/{rel}","templated":true}]}}